{"id":32,"date":"2018-11-04T21:48:46","date_gmt":"2018-11-04T21:48:46","guid":{"rendered":"https:\/\/montezumarainforest.com\/?page_id=32"},"modified":"2020-01-20T16:43:59","modified_gmt":"2020-01-20T22:43:59","slug":"about","status":"publish","type":"page","link":"https:\/\/montezumarainforest.com\/index.php\/about\/","title":{"rendered":"Tatam\u00e1 National Natural Park and Montezuma Road"},"content":{"rendered":"<div class=\"wpb-content-wrapper\"><p>[vc_row full_width=&#8221;stretch_row&#8221; parallax=&#8221;content-moving&#8221; parallax_image=&#8221;341&#8243; parallax_speed_bg=&#8221;1&#8243;][vc_column][vc_column_text]<\/p>\n<p>&nbsp;<\/p>\n<p>&nbsp;<\/p>\n<p>&nbsp;<\/p>\n<p>&nbsp;<\/p>\n<p>&nbsp;<\/p>\n<p>&nbsp;<\/p>\n<p>&nbsp;<\/p>\n<p>&nbsp;<\/p>\n<p>&nbsp;<\/p>\n<p>[\/vc_column_text][\/vc_column][\/vc_row][vc_row][vc_column][vc_column_text]Colombia&#8217;s Tatam\u00e1 National Natural Park is located on the borders of the departments of Risaralda, Choc\u00f3 and Valle del Cauca, within the Choc\u00f3 bioregion, one of the world\u2019s most biodiverse regions. The park encompasses 51,900 hectares of primary west-Andean tropical and subtropical rainforest, temperate cloud forest and p\u00e1ramo habitat, and is a source of water to rivers in all directions. It is home to over 550 species of birds, 450 species of orchids and 700 species of butterflies. The biodiversity across other taxa is equally impressive. Many Colombian endemic and near-endemic species are found here.<\/p>\n<p>The only road access to the park is via Montezuma Road, which starts near the town of Pueblo Rico and winds up Cerro Montezuma to a military base at its summit (2600 meters above sea level). The Montezuma Ecolodge property (1350 meters) sits at the entrance to the park, 13km from the summit, and so is perfectly situated to be your home base while you explore the park.[\/vc_column_text][\/vc_column][\/vc_row]<\/p>\n<\/div>","protected":false},"excerpt":{"rendered":"<p>[vc_row full_width=&#8221;stretch_row&#8221; parallax=&#8221;content-moving&#8221; parallax_image=&#8221;341&#8243; parallax_speed_bg=&#8221;1&#8243;][vc_column][vc_column_text] &nbsp; &nbsp; &nbsp; &nbsp; &nbsp; &nbsp; &nbsp; &nbsp; &nbsp; [\/vc_column_text][\/vc_column][\/vc_row][vc_row][vc_column][vc_column_text]Colombia&#8217;s Tatam\u00e1 National Natural Park is located on the borders of the departments of Risaralda, Choc\u00f3 and Valle del Cauca, within the Choc\u00f3 bioregion, one of the world\u2019s most biodiverse regions. The park encompasses 51,900 hectares of primary west-Andean tropical and &hellip; <\/p>\n<p class=\"link-more\"><a href=\"https:\/\/montezumarainforest.com\/index.php\/about\/\" class=\"more-link\">Continue reading<span class=\"screen-reader-text\"> &#8220;Tatam\u00e1 National Natural Park and Montezuma Road&#8221;<\/span><\/a><\/p>\n","protected":false},"author":1,"featured_media":0,"parent":0,"menu_order":0,"comment_status":"closed","ping_status":"closed","template":"","meta":{"om_disable_all_campaigns":false,"_monsterinsights_skip_tracking":false,"_monsterinsights_sitenote_active":false,"_monsterinsights_sitenote_note":"","_monsterinsights_sitenote_category":0,"jetpack_post_was_ever_published":false,"footnotes":""},"class_list":["post-32","page","type-page","status-publish","hentry"],"yoast_head":"<!-- This site is optimized with the Yoast SEO plugin v26.9 - https:\/\/yoast.com\/product\/yoast-seo-wordpress\/ -->\n<title>Tatam\u00e1 National Natural Park and Montezuma Road - Montezuma Rainforest<\/title>\n<meta name=\"robots\" content=\"index, follow, max-snippet:-1, max-image-preview:large, max-video-preview:-1\" \/>\n<link rel=\"canonical\" href=\"https:\/\/montezumarainforest.com\/index.php\/about\/\" \/>\n<meta property=\"og:locale\" content=\"en_US\" \/>\n<meta property=\"og:type\" content=\"article\" \/>\n<meta property=\"og:title\" content=\"Tatam\u00e1 National Natural Park and Montezuma Road - Montezuma Rainforest\" \/>\n<meta property=\"og:description\" content=\"[vc_row full_width=&#8221;stretch_row&#8221; parallax=&#8221;content-moving&#8221; parallax_image=&#8221;341&#8243; parallax_speed_bg=&#8221;1&#8243;][vc_column][vc_column_text] &nbsp; &nbsp; &nbsp; &nbsp; &nbsp; &nbsp; &nbsp; &nbsp; &nbsp; [\/vc_column_text][\/vc_column][\/vc_row][vc_row][vc_column][vc_column_text]Colombia&#8217;s Tatam\u00e1 National Natural Park is located on the borders of the departments of Risaralda, Choc\u00f3 and Valle del Cauca, within the Choc\u00f3 bioregion, one of the world\u2019s most biodiverse regions. The park encompasses 51,900 hectares of primary west-Andean tropical and &hellip; Continue reading &quot;Tatam\u00e1 National Natural Park and Montezuma Road&quot;\" \/>\n<meta property=\"og:url\" content=\"https:\/\/montezumarainforest.com\/index.php\/about\/\" \/>\n<meta property=\"og:site_name\" content=\"Montezuma Rainforest\" \/>\n<meta property=\"article:modified_time\" content=\"2020-01-20T22:43:59+00:00\" \/>\n<meta name=\"twitter:card\" content=\"summary_large_image\" \/>\n<meta name=\"twitter:label1\" content=\"Est. reading time\" \/>\n\t<meta name=\"twitter:data1\" content=\"1 minute\" \/>\n<script type=\"application\/ld+json\" class=\"yoast-schema-graph\">{\"@context\":\"https:\/\/schema.org\",\"@graph\":[{\"@type\":\"WebPage\",\"@id\":\"https:\/\/montezumarainforest.com\/index.php\/about\/\",\"url\":\"https:\/\/montezumarainforest.com\/index.php\/about\/\",\"name\":\"Tatam\u00e1 National Natural Park and Montezuma Road - Montezuma Rainforest\",\"isPartOf\":{\"@id\":\"https:\/\/montezumarainforest.com\/#website\"},\"datePublished\":\"2018-11-04T21:48:46+00:00\",\"dateModified\":\"2020-01-20T22:43:59+00:00\",\"breadcrumb\":{\"@id\":\"https:\/\/montezumarainforest.com\/index.php\/about\/#breadcrumb\"},\"inLanguage\":\"en-US\",\"potentialAction\":[{\"@type\":\"ReadAction\",\"target\":[\"https:\/\/montezumarainforest.com\/index.php\/about\/\"]}]},{\"@type\":\"BreadcrumbList\",\"@id\":\"https:\/\/montezumarainforest.com\/index.php\/about\/#breadcrumb\",\"itemListElement\":[{\"@type\":\"ListItem\",\"position\":1,\"name\":\"Home\",\"item\":\"https:\/\/montezumarainforest.com\/\"},{\"@type\":\"ListItem\",\"position\":2,\"name\":\"Tatam\u00e1 National Natural Park and Montezuma Road\"}]},{\"@type\":\"WebSite\",\"@id\":\"https:\/\/montezumarainforest.com\/#website\",\"url\":\"https:\/\/montezumarainforest.com\/\",\"name\":\"Montezuma Rainforest\",\"description\":\"Ecolodge and gateway to Tatam\u00e1 National Natural Park\",\"potentialAction\":[{\"@type\":\"SearchAction\",\"target\":{\"@type\":\"EntryPoint\",\"urlTemplate\":\"https:\/\/montezumarainforest.com\/?s={search_term_string}\"},\"query-input\":{\"@type\":\"PropertyValueSpecification\",\"valueRequired\":true,\"valueName\":\"search_term_string\"}}],\"inLanguage\":\"en-US\"}]}<\/script>\n<!-- \/ Yoast SEO plugin. -->","yoast_head_json":{"title":"Tatam\u00e1 National Natural Park and Montezuma Road - Montezuma Rainforest","robots":{"index":"index","follow":"follow","max-snippet":"max-snippet:-1","max-image-preview":"max-image-preview:large","max-video-preview":"max-video-preview:-1"},"canonical":"https:\/\/montezumarainforest.com\/index.php\/about\/","og_locale":"en_US","og_type":"article","og_title":"Tatam\u00e1 National Natural Park and Montezuma Road - Montezuma Rainforest","og_description":"[vc_row full_width=&#8221;stretch_row&#8221; parallax=&#8221;content-moving&#8221; parallax_image=&#8221;341&#8243; parallax_speed_bg=&#8221;1&#8243;][vc_column][vc_column_text] &nbsp; &nbsp; &nbsp; &nbsp; &nbsp; &nbsp; &nbsp; &nbsp; &nbsp; [\/vc_column_text][\/vc_column][\/vc_row][vc_row][vc_column][vc_column_text]Colombia&#8217;s Tatam\u00e1 National Natural Park is located on the borders of the departments of Risaralda, Choc\u00f3 and Valle del Cauca, within the Choc\u00f3 bioregion, one of the world\u2019s most biodiverse regions. The park encompasses 51,900 hectares of primary west-Andean tropical and &hellip; Continue reading \"Tatam\u00e1 National Natural Park and Montezuma Road\"","og_url":"https:\/\/montezumarainforest.com\/index.php\/about\/","og_site_name":"Montezuma Rainforest","article_modified_time":"2020-01-20T22:43:59+00:00","twitter_card":"summary_large_image","twitter_misc":{"Est. reading time":"1 minute"},"schema":{"@context":"https:\/\/schema.org","@graph":[{"@type":"WebPage","@id":"https:\/\/montezumarainforest.com\/index.php\/about\/","url":"https:\/\/montezumarainforest.com\/index.php\/about\/","name":"Tatam\u00e1 National Natural Park and Montezuma Road - Montezuma Rainforest","isPartOf":{"@id":"https:\/\/montezumarainforest.com\/#website"},"datePublished":"2018-11-04T21:48:46+00:00","dateModified":"2020-01-20T22:43:59+00:00","breadcrumb":{"@id":"https:\/\/montezumarainforest.com\/index.php\/about\/#breadcrumb"},"inLanguage":"en-US","potentialAction":[{"@type":"ReadAction","target":["https:\/\/montezumarainforest.com\/index.php\/about\/"]}]},{"@type":"BreadcrumbList","@id":"https:\/\/montezumarainforest.com\/index.php\/about\/#breadcrumb","itemListElement":[{"@type":"ListItem","position":1,"name":"Home","item":"https:\/\/montezumarainforest.com\/"},{"@type":"ListItem","position":2,"name":"Tatam\u00e1 National Natural Park and Montezuma Road"}]},{"@type":"WebSite","@id":"https:\/\/montezumarainforest.com\/#website","url":"https:\/\/montezumarainforest.com\/","name":"Montezuma Rainforest","description":"Ecolodge and gateway to Tatam\u00e1 National Natural Park","potentialAction":[{"@type":"SearchAction","target":{"@type":"EntryPoint","urlTemplate":"https:\/\/montezumarainforest.com\/?s={search_term_string}"},"query-input":{"@type":"PropertyValueSpecification","valueRequired":true,"valueName":"search_term_string"}}],"inLanguage":"en-US"}]}},"jetpack_sharing_enabled":true,"jetpack_shortlink":"https:\/\/wp.me\/Paq4eF-w","_links":{"self":[{"href":"https:\/\/montezumarainforest.com\/index.php\/wp-json\/wp\/v2\/pages\/32","targetHints":{"allow":["GET"]}}],"collection":[{"href":"https:\/\/montezumarainforest.com\/index.php\/wp-json\/wp\/v2\/pages"}],"about":[{"href":"https:\/\/montezumarainforest.com\/index.php\/wp-json\/wp\/v2\/types\/page"}],"author":[{"embeddable":true,"href":"https:\/\/montezumarainforest.com\/index.php\/wp-json\/wp\/v2\/users\/1"}],"replies":[{"embeddable":true,"href":"https:\/\/montezumarainforest.com\/index.php\/wp-json\/wp\/v2\/comments?post=32"}],"version-history":[{"count":14,"href":"https:\/\/montezumarainforest.com\/index.php\/wp-json\/wp\/v2\/pages\/32\/revisions"}],"predecessor-version":[{"id":499,"href":"https:\/\/montezumarainforest.com\/index.php\/wp-json\/wp\/v2\/pages\/32\/revisions\/499"}],"wp:attachment":[{"href":"https:\/\/montezumarainforest.com\/index.php\/wp-json\/wp\/v2\/media?parent=32"}],"curies":[{"name":"wp","href":"https:\/\/api.w.org\/{rel}","templated":true}]}}